{"id":6205,"date":"2023-03-18T07:10:54","date_gmt":"2023-03-18T07:10:54","guid":{"rendered":"https:\/\/paradiseislandestate.com\/contact\/"},"modified":"2025-02-08T17:25:07","modified_gmt":"2025-02-08T17:25:07","slug":"contact","status":"publish","type":"page","link":"https:\/\/paradiseislandestate.com\/fr\/contact\/","title":{"rendered":"Contact"},"content":{"rendered":"\t\t<div data-elementor-type=\"wp-page\" data-elementor-id=\"6205\" class=\"elementor elementor-6205 elementor-697\">\n\t\t\t\t\t\t<section class=\"elementor-section elementor-top-section elementor-element elementor-element-ca1656d elementor-section-height-min-height cs-section-content-fullwidth cs-parallax-on-scroll cs_scroll_y_100 elementor-section-boxed elementor-section-height-default elementor-section-items-middle\" data-id=\"ca1656d\" data-element_type=\"section\" data-e-type=\"section\" data-settings=\"{&quot;background_background&quot;:&quot;classic&quot;}\" data-cs-parallax-y=\"100\" style=\"background-image: none;\" data-cs-background-image=\"https:\/\/paradiseislandestate.com\/wp-content\/uploads\/2024\/06\/samui-villas.jpg\" data-cs-background-image-alt-text=\"\">\n\t\t\t\t\t\t\t<div class=\"elementor-background-overlay\"><\/div>\n\t\t\t\t\t\t\t<div class=\"elementor-container elementor-column-gap-no\">\n\t\t\t\t\t<div class=\"elementor-column elementor-col-100 elementor-top-column elementor-element elementor-element-6b2c1df dark-color\" data-id=\"6b2c1df\" data-element_type=\"column\" data-e-type=\"column\">\n\t\t\t<div class=\"elementor-widget-wrap elementor-element-populated\">\n\t\t\t\t\t\t<div class=\"elementor-element elementor-element-ed3f97e elementor-widget elementor-widget-cs_title\" data-id=\"ed3f97e\" data-element_type=\"widget\" data-e-type=\"widget\" data-widget_type=\"cs_title.default\">\n\t\t\t\t<div class=\"elementor-widget-container\">\n\t\t\t\t\t\n        <div class=\"cs-title-wrap text-center\">\t            <div class=\"cs-subtitle-wrap\"><span class=\"cs-subtitle color-white\">Connectez-vous avec nous<\/span><\/div>\t            <h1 class=\"cs-title\">\n\t                Contactez nous\t            <\/h1>\t            <div class=\"cs-title-text\">\n\t                <p>Pour les r\u00e9servations et les demandes de renseignements, veuillez nous appeler ou nous \u00e9crire.<\/p>\n\t            <\/div>        <\/div>\t\t\t\t<\/div>\n\t\t\t\t<\/div>\n\t\t\t\t\t<\/div>\n\t\t<\/div>\n\t\t\t\t\t<\/div>\n\t\t<\/section>\n\t\t\t\t<section class=\"elementor-section elementor-top-section elementor-element elementor-element-ac9ba41 elementor-section-full_width elementor-section-content-middle elementor-section-height-default elementor-section-height-default\" data-id=\"ac9ba41\" data-element_type=\"section\" data-e-type=\"section\">\n\t\t\t\t\t\t<div class=\"elementor-container elementor-column-gap-no\">\n\t\t\t\t\t<div class=\"elementor-column elementor-col-50 elementor-top-column elementor-element elementor-element-a9f3bc2\" data-id=\"a9f3bc2\" data-element_type=\"column\" data-e-type=\"column\">\n\t\t\t<div class=\"elementor-widget-wrap elementor-element-populated\">\n\t\t\t\t\t\t<div class=\"elementor-element elementor-element-d6a0979 elementor-widget elementor-widget-cs_title\" data-id=\"d6a0979\" data-element_type=\"widget\" data-e-type=\"widget\" data-widget_type=\"cs_title.default\">\n\t\t\t\t<div class=\"elementor-widget-container\">\n\t\t\t\t\t\n        <div class=\"cs-title-wrap\">\t            <div class=\"cs-subtitle-wrap\"><span class=\"cs-subtitle\">Informations sur le contact<\/span><\/div>\t            <h5 class=\"cs-title\">\n\t                Domaine de l'\u00eele de Paradise\t            <\/h5>\t            <div class=\"cs-title-text\">\n\t                <p>74 Bontji Moo 4 Tambon Bo Put, Amphoe Ko Samui, Chang Wat Surat Thani 84320, Thailand<\/p>\n<p><strong>Stationnement :<\/strong> <a href=\"tel:+66%2094%20396%208704\">+66 94 396 8704<\/a><br \/><strong>Bureau :<\/strong> <a href=\"tel:+34%20660%20643%20048\">+34 660 643 048<\/a><br \/><strong>Courriel :<\/strong> <a href=\"mailto:rentals@paradiseislandestate.com\">rentals@paradiseislandestate.com<\/a><\/p>\n\t            <\/div>        <\/div>\t\t\t\t<\/div>\n\t\t\t\t<\/div>\n\t\t\t\t<div class=\"elementor-element elementor-element-27ae3a6 elementor-widget-divider--view-line elementor-widget elementor-widget-divider\" data-id=\"27ae3a6\" data-element_type=\"widget\" data-e-type=\"widget\" data-widget_type=\"divider.default\">\n\t\t\t\t<div class=\"elementor-widget-container\">\n\t\t\t\t\t\t\t<div class=\"elementor-divider\">\n\t\t\t<span class=\"elementor-divider-separator\">\n\t\t\t\t\t\t<\/span>\n\t\t<\/div>\n\t\t\t\t\t\t<\/div>\n\t\t\t\t<\/div>\n\t\t\t\t<section class=\"elementor-section elementor-inner-section elementor-element elementor-element-06aaef6 elementor-section-boxed elementor-section-height-default elementor-section-height-default\" data-id=\"06aaef6\" data-element_type=\"section\" data-e-type=\"section\">\n\t\t\t\t\t\t<div class=\"elementor-container elementor-column-gap-no\">\n\t\t\t\t\t<div class=\"elementor-column elementor-col-100 elementor-inner-column elementor-element elementor-element-c6d447a\" data-id=\"c6d447a\" data-element_type=\"column\" data-e-type=\"column\">\n\t\t\t<div class=\"elementor-widget-wrap elementor-element-populated\">\n\t\t\t\t\t\t<div class=\"elementor-element elementor-element-b7500f5 elementor-widget elementor-widget-google_maps\" data-id=\"b7500f5\" data-element_type=\"widget\" data-e-type=\"widget\" data-widget_type=\"google_maps.default\">\n\t\t\t\t<div class=\"elementor-widget-container\">\n\t\t\t\t\t\t\t<div class=\"elementor-custom-embed\">\n\t\t\t<iframe loading=\"lazy\"\n\t\t\t\t\tsrc=\"https:\/\/maps.google.com\/maps?q=island%20estate%2C%2074%20Bontji%20Moo%204%20Tambon%20Bo%20Put%2C%20Amphoe%20Ko%20Samui%2C%20Chang%20Wat%20Surat%20Thani%2084320%2C%20Thailand&#038;t=m&#038;z=15&#038;output=embed&#038;iwloc=near\"\n\t\t\t\t\ttitle=\"island estate, 74 Bontji Moo 4 Tambon Bo Put, Amphoe Ko Samui, Chang Wat Surat Thani 84320, Thailand\"\n\t\t\t\t\taria-label=\"island estate, 74 Bontji Moo 4 Tambon Bo Put, Amphoe Ko Samui, Chang Wat Surat Thani 84320, Thailand\"\n\t\t\t><\/iframe>\n\t\t<\/div>\n\t\t\t\t\t\t<\/div>\n\t\t\t\t<\/div>\n\t\t\t\t\t<\/div>\n\t\t<\/div>\n\t\t\t\t\t<\/div>\n\t\t<\/section>\n\t\t\t\t\t<\/div>\n\t\t<\/div>\n\t\t\t\t<div class=\"elementor-column elementor-col-50 elementor-top-column elementor-element elementor-element-a630739\" data-id=\"a630739\" data-element_type=\"column\" data-e-type=\"column\" data-settings=\"{&quot;background_background&quot;:&quot;classic&quot;}\">\n\t\t\t<div class=\"elementor-widget-wrap elementor-element-populated\">\n\t\t\t\t\t\t<section class=\"elementor-section elementor-inner-section elementor-element elementor-element-1165b93 elementor-section-boxed elementor-section-height-default elementor-section-height-default\" data-id=\"1165b93\" data-element_type=\"section\" data-e-type=\"section\" data-settings=\"{&quot;background_background&quot;:&quot;classic&quot;}\">\n\t\t\t\t\t\t<div class=\"elementor-container elementor-column-gap-no\">\n\t\t\t\t\t<div class=\"elementor-column elementor-col-100 elementor-inner-column elementor-element elementor-element-c8421f3\" data-id=\"c8421f3\" data-element_type=\"column\" data-e-type=\"column\">\n\t\t\t<div class=\"elementor-widget-wrap elementor-element-populated\">\n\t\t\t\t\t\t<div class=\"elementor-element elementor-element-ee636a2 elementor-widget elementor-widget-cs_title\" data-id=\"ee636a2\" data-element_type=\"widget\" data-e-type=\"widget\" data-widget_type=\"cs_title.default\">\n\t\t\t\t<div class=\"elementor-widget-container\">\n\t\t\t\t\t\n        <div class=\"cs-title-wrap text-center\">\t            <div class=\"cs-subtitle-wrap\"><span class=\"cs-subtitle\">Formulaire de contact<\/span><\/div>\t            <h5 class=\"cs-title\">\n\t                Entamons une conversation\t            <\/h5>        <\/div>\t\t\t\t<\/div>\n\t\t\t\t<\/div>\n\t\t\t\t<div class=\"elementor-element elementor-element-66c8be0 elementor-widget elementor-widget-cs_form_cf7\" data-id=\"66c8be0\" data-element_type=\"widget\" data-e-type=\"widget\" data-widget_type=\"cs_form_cf7.default\">\n\t\t\t\t<div class=\"elementor-widget-container\">\n\t\t\t\t\t            <div class=\"cs-form-cf7 placeholder-normal\">\n                <div class=\"cs-form-cf7-wrap\">\n<div class=\"wpcf7 no-js\" id=\"wpcf7-f3020-o1\" lang=\"en-US\" dir=\"ltr\" data-wpcf7-id=\"3020\">\n<div class=\"screen-reader-response\"><p role=\"status\" aria-live=\"polite\" aria-atomic=\"true\"><\/p> <ul><\/ul><\/div>\n<form action=\"\/fr\/wp-json\/wp\/v2\/pages\/6205#wpcf7-f3020-o1\" method=\"post\" class=\"wpcf7-form init\" aria-label=\"Contact form\" novalidate=\"novalidate\" data-status=\"init\">\n<fieldset class=\"hidden-fields-container\"><input type=\"hidden\" name=\"_wpcf7\" value=\"3020\" \/><input type=\"hidden\" name=\"_wpcf7_version\" value=\"6.1.5\" \/><input type=\"hidden\" name=\"_wpcf7_locale\" value=\"en_US\" \/><input type=\"hidden\" name=\"_wpcf7_unit_tag\" value=\"wpcf7-f3020-o1\" \/><input type=\"hidden\" name=\"_wpcf7_container_post\" value=\"0\" \/><input type=\"hidden\" name=\"_wpcf7_posted_data_hash\" value=\"\" \/>\n<\/fieldset>\n<p><label> Your name<br \/>\n<span class=\"wpcf7-form-control-wrap\" data-name=\"your-name\"><input size=\"40\" maxlength=\"400\" class=\"wpcf7-form-control wpcf7-text wpcf7-validates-as-required\" autocomplete=\"name\" aria-required=\"true\" aria-invalid=\"false\" value=\"\" type=\"text\" name=\"your-name\" \/><\/span> <\/label>\n<\/p>\n<p><label> Your email<br \/>\n<span class=\"wpcf7-form-control-wrap\" data-name=\"your-email\"><input size=\"40\" maxlength=\"400\" class=\"wpcf7-form-control wpcf7-email wpcf7-validates-as-required wpcf7-text wpcf7-validates-as-email\" autocomplete=\"email\" aria-required=\"true\" aria-invalid=\"false\" value=\"\" type=\"email\" name=\"your-email\" \/><\/span> <\/label>\n<\/p>\n<p><label> Subject<br \/>\n<span class=\"wpcf7-form-control-wrap\" data-name=\"your-subject\"><input size=\"40\" maxlength=\"400\" class=\"wpcf7-form-control wpcf7-text wpcf7-validates-as-required\" aria-required=\"true\" aria-invalid=\"false\" value=\"\" type=\"text\" name=\"your-subject\" \/><\/span> <\/label>\n<\/p>\n<p><label> Your message (optional)<br \/>\n<span class=\"wpcf7-form-control-wrap\" data-name=\"your-message\"><textarea cols=\"40\" rows=\"10\" maxlength=\"2000\" class=\"wpcf7-form-control wpcf7-textarea\" aria-invalid=\"false\" name=\"your-message\"><\/textarea><\/span> <\/label>\n<\/p>\n<p><input class=\"wpcf7-form-control wpcf7-submit has-spinner\" type=\"submit\" value=\"Submit\" \/>\n<\/p><p style=\"display: none !important;\" class=\"akismet-fields-container\" data-prefix=\"_wpcf7_ak_\"><label>&#916;<textarea name=\"_wpcf7_ak_hp_textarea\" cols=\"45\" rows=\"8\" maxlength=\"100\"><\/textarea><\/label><input type=\"hidden\" id=\"ak_js_1\" name=\"_wpcf7_ak_js\" value=\"114\"\/><script>document.getElementById( \"ak_js_1\" ).setAttribute( \"value\", ( new Date() ).getTime() );<\/script><\/p><div class=\"wpcf7-response-output\" aria-hidden=\"true\"><\/div>\n<\/form>\n<\/div>\n<\/div>\n            <\/div>\t\t\t\t<\/div>\n\t\t\t\t<\/div>\n\t\t\t\t\t<\/div>\n\t\t<\/div>\n\t\t\t\t\t<\/div>\n\t\t<\/section>\n\t\t\t\t\t<\/div>\n\t\t<\/div>\n\t\t\t\t\t<\/div>\n\t\t<\/section>\n\t\t\t\t<\/div>\n\t\t","protected":false},"excerpt":{"rendered":"<p>Connectez-vous avec nous Contactez nous Pour les r\u00e9servations et les demandes de renseignements, veuillez nous appeler ou nous \u00e9crire. Informations sur le contact Domaine de l&rsquo;\u00eele de Paradise 74 Bontji Moo 4 Tambon Bo Put, Amphoe Ko Samui, Chang Wat Surat Thani 84320, Thailand Stationnement : +66 94 396 8704Bureau : +34 660 643 048Courriel &#8230;<\/p>\n","protected":false},"author":1,"featured_media":0,"parent":0,"menu_order":0,"comment_status":"closed","ping_status":"closed","template":"template-wide-content.php","meta":{"cozystay_single_page_hide_site_header":"","cozystay_single_page_site_header_source":"","cozystay_single_page_custom_site_header":"0","cozystay_single_page_custom_sticky_site_header":"0","cozystay_single_page_hide_page_title":"on","cozystay_single_page_header_section_size":"","cozystay_single_page_header_background_color":"","cozystay_single_page_header_background_position_x":"center","cozystay_single_page_header_background_position_y":"center","cozystay_single_page_header_background_size":"cover","cozystay_single_page_header_background_repeat":"off","cozystay_single_page_header_background_scroll":"on","cozystay_single_page_header_text_color":"","cozystay_single_page_header_show_breadcrumb":"","cozystay_single_page_site_footer_hide_main":"","cozystay_single_custom_site_footer_main_source":"","cozystay_single_custom_site_footer_main":"0","cozystay_single_page_site_footer_hide_above":"","cozystay_single_custom_site_footer_above_source":"","cozystay_single_custom_site_footer_above":"0","cozystay_single_page_site_footer_hide_instagram":"","cozystay_single_page_site_footer_hide_bottom":"","cozystay_single_custom_mobile_menu_source":"","cozystay_single_custom_mobile_menu":"0","cozystay_single_custom_mobile_menu_animation":"","cozystay_single_custom_mobile_menu_width":"","cozystay_single_custom_mobile_menu_custom_width":375,"_joinchat":[],"footnotes":""},"class_list":["post-6205","page","type-page","status-publish","hentry"],"yoast_head":"<!-- This site is optimized with the Yoast SEO plugin v27.2 - https:\/\/yoast.com\/product\/yoast-seo-wordpress\/ -->\n<title>Contact - Paradise Island Estate<\/title>\n<meta name=\"robots\" content=\"index, follow, max-snippet:-1, max-image-preview:large, max-video-preview:-1\" \/>\n<link rel=\"canonical\" href=\"https:\/\/paradiseislandestate.com\/fr\/contact\/\" \/>\n<meta property=\"og:locale\" content=\"fr_FR\" \/>\n<meta property=\"og:type\" content=\"article\" \/>\n<meta property=\"og:title\" content=\"Contact - Paradise Island Estate\" \/>\n<meta property=\"og:description\" content=\"Connectez-vous avec nous Contactez nous Pour les r\u00e9servations et les demandes de renseignements, veuillez nous appeler ou nous \u00e9crire. Informations sur le contact Domaine de l&rsquo;\u00eele de Paradise 74 Bontji Moo 4 Tambon Bo Put, Amphoe Ko Samui, Chang Wat Surat Thani 84320, Thailand Stationnement : +66 94 396 8704Bureau : +34 660 643 048Courriel ...\" \/>\n<meta property=\"og:url\" content=\"https:\/\/paradiseislandestate.com\/fr\/contact\/\" \/>\n<meta property=\"og:site_name\" content=\"Paradise Island Estate\" \/>\n<meta property=\"article:publisher\" content=\"https:\/\/www.facebook.com\/ParadiseIslandEstateOfficial\" \/>\n<meta property=\"article:modified_time\" content=\"2025-02-08T17:25:07+00:00\" \/>\n<meta name=\"twitter:card\" content=\"summary_large_image\" \/>\n<meta name=\"twitter:site\" content=\"@KohSamuiLuxury\" \/>\n<meta name=\"twitter:label1\" content=\"Dur\u00e9e de lecture estim\u00e9e\" \/>\n\t<meta name=\"twitter:data1\" content=\"1 minute\" \/>\n<script type=\"application\/ld+json\" class=\"yoast-schema-graph\">{\"@context\":\"https:\/\/schema.org\",\"@graph\":[{\"@type\":\"WebPage\",\"@id\":\"https:\/\/paradiseislandestate.com\/fr\/contact\/\",\"url\":\"https:\/\/paradiseislandestate.com\/fr\/contact\/\",\"name\":\"Contact - Paradise Island Estate\",\"isPartOf\":{\"@id\":\"https:\/\/paradiseislandestate.com\/#website\"},\"datePublished\":\"2023-03-18T07:10:54+00:00\",\"dateModified\":\"2025-02-08T17:25:07+00:00\",\"breadcrumb\":{\"@id\":\"https:\/\/paradiseislandestate.com\/fr\/contact\/#breadcrumb\"},\"inLanguage\":\"fr-FR\",\"potentialAction\":[{\"@type\":\"ReadAction\",\"target\":[\"https:\/\/paradiseislandestate.com\/fr\/contact\/\"]}]},{\"@type\":\"BreadcrumbList\",\"@id\":\"https:\/\/paradiseislandestate.com\/fr\/contact\/#breadcrumb\",\"itemListElement\":[{\"@type\":\"ListItem\",\"position\":1,\"name\":\"Home\",\"item\":\"https:\/\/paradiseislandestate.com\/fr\/\"},{\"@type\":\"ListItem\",\"position\":2,\"name\":\"Contact\"}]},{\"@type\":\"WebSite\",\"@id\":\"https:\/\/paradiseislandestate.com\/#website\",\"url\":\"https:\/\/paradiseislandestate.com\/\",\"name\":\"Paradise Island Estate\",\"description\":\"\",\"publisher\":{\"@id\":\"https:\/\/paradiseislandestate.com\/#organization\"},\"potentialAction\":[{\"@type\":\"SearchAction\",\"target\":{\"@type\":\"EntryPoint\",\"urlTemplate\":\"https:\/\/paradiseislandestate.com\/?s={search_term_string}\"},\"query-input\":{\"@type\":\"PropertyValueSpecification\",\"valueRequired\":true,\"valueName\":\"search_term_string\"}}],\"inLanguage\":\"fr-FR\"},{\"@type\":\"Organization\",\"@id\":\"https:\/\/paradiseislandestate.com\/#organization\",\"name\":\"Paradise Island Estate\",\"url\":\"https:\/\/paradiseislandestate.com\/\",\"logo\":{\"@type\":\"ImageObject\",\"inLanguage\":\"fr-FR\",\"@id\":\"https:\/\/paradiseislandestate.com\/#\/schema\/logo\/image\/\",\"url\":\"https:\/\/paradiseislandestate.com\/wp-content\/uploads\/2024\/07\/1.png\",\"contentUrl\":\"https:\/\/paradiseislandestate.com\/wp-content\/uploads\/2024\/07\/1.png\",\"width\":500,\"height\":500,\"caption\":\"Paradise Island Estate\"},\"image\":{\"@id\":\"https:\/\/paradiseislandestate.com\/#\/schema\/logo\/image\/\"},\"sameAs\":[\"https:\/\/www.facebook.com\/ParadiseIslandEstateOfficial\",\"https:\/\/x.com\/KohSamuiLuxury\",\"https:\/\/www.youtube.com\/user\/KohSamuiLuxury\",\"https:\/\/www.pinterest.es\/choengmonbeach\/\"]}]}<\/script>\n<!-- \/ Yoast SEO plugin. -->","yoast_head_json":{"title":"Contact - Paradise Island Estate","robots":{"index":"index","follow":"follow","max-snippet":"max-snippet:-1","max-image-preview":"max-image-preview:large","max-video-preview":"max-video-preview:-1"},"canonical":"https:\/\/paradiseislandestate.com\/fr\/contact\/","og_locale":"fr_FR","og_type":"article","og_title":"Contact - Paradise Island Estate","og_description":"Connectez-vous avec nous Contactez nous Pour les r\u00e9servations et les demandes de renseignements, veuillez nous appeler ou nous \u00e9crire. Informations sur le contact Domaine de l&rsquo;\u00eele de Paradise 74 Bontji Moo 4 Tambon Bo Put, Amphoe Ko Samui, Chang Wat Surat Thani 84320, Thailand Stationnement : +66 94 396 8704Bureau : +34 660 643 048Courriel ...","og_url":"https:\/\/paradiseislandestate.com\/fr\/contact\/","og_site_name":"Paradise Island Estate","article_publisher":"https:\/\/www.facebook.com\/ParadiseIslandEstateOfficial","article_modified_time":"2025-02-08T17:25:07+00:00","twitter_card":"summary_large_image","twitter_site":"@KohSamuiLuxury","twitter_misc":{"Dur\u00e9e de lecture estim\u00e9e":"1 minute"},"schema":{"@context":"https:\/\/schema.org","@graph":[{"@type":"WebPage","@id":"https:\/\/paradiseislandestate.com\/fr\/contact\/","url":"https:\/\/paradiseislandestate.com\/fr\/contact\/","name":"Contact - Paradise Island Estate","isPartOf":{"@id":"https:\/\/paradiseislandestate.com\/#website"},"datePublished":"2023-03-18T07:10:54+00:00","dateModified":"2025-02-08T17:25:07+00:00","breadcrumb":{"@id":"https:\/\/paradiseislandestate.com\/fr\/contact\/#breadcrumb"},"inLanguage":"fr-FR","potentialAction":[{"@type":"ReadAction","target":["https:\/\/paradiseislandestate.com\/fr\/contact\/"]}]},{"@type":"BreadcrumbList","@id":"https:\/\/paradiseislandestate.com\/fr\/contact\/#breadcrumb","itemListElement":[{"@type":"ListItem","position":1,"name":"Home","item":"https:\/\/paradiseislandestate.com\/fr\/"},{"@type":"ListItem","position":2,"name":"Contact"}]},{"@type":"WebSite","@id":"https:\/\/paradiseislandestate.com\/#website","url":"https:\/\/paradiseislandestate.com\/","name":"Paradise Island Estate","description":"","publisher":{"@id":"https:\/\/paradiseislandestate.com\/#organization"},"potentialAction":[{"@type":"SearchAction","target":{"@type":"EntryPoint","urlTemplate":"https:\/\/paradiseislandestate.com\/?s={search_term_string}"},"query-input":{"@type":"PropertyValueSpecification","valueRequired":true,"valueName":"search_term_string"}}],"inLanguage":"fr-FR"},{"@type":"Organization","@id":"https:\/\/paradiseislandestate.com\/#organization","name":"Paradise Island Estate","url":"https:\/\/paradiseislandestate.com\/","logo":{"@type":"ImageObject","inLanguage":"fr-FR","@id":"https:\/\/paradiseislandestate.com\/#\/schema\/logo\/image\/","url":"https:\/\/paradiseislandestate.com\/wp-content\/uploads\/2024\/07\/1.png","contentUrl":"https:\/\/paradiseislandestate.com\/wp-content\/uploads\/2024\/07\/1.png","width":500,"height":500,"caption":"Paradise Island Estate"},"image":{"@id":"https:\/\/paradiseislandestate.com\/#\/schema\/logo\/image\/"},"sameAs":["https:\/\/www.facebook.com\/ParadiseIslandEstateOfficial","https:\/\/x.com\/KohSamuiLuxury","https:\/\/www.youtube.com\/user\/KohSamuiLuxury","https:\/\/www.pinterest.es\/choengmonbeach\/"]}]}},"_links":{"self":[{"href":"https:\/\/paradiseislandestate.com\/fr\/wp-json\/wp\/v2\/pages\/6205","targetHints":{"allow":["GET"]}}],"collection":[{"href":"https:\/\/paradiseislandestate.com\/fr\/wp-json\/wp\/v2\/pages"}],"about":[{"href":"https:\/\/paradiseislandestate.com\/fr\/wp-json\/wp\/v2\/types\/page"}],"author":[{"embeddable":true,"href":"https:\/\/paradiseislandestate.com\/fr\/wp-json\/wp\/v2\/users\/1"}],"replies":[{"embeddable":true,"href":"https:\/\/paradiseislandestate.com\/fr\/wp-json\/wp\/v2\/comments?post=6205"}],"version-history":[{"count":9,"href":"https:\/\/paradiseislandestate.com\/fr\/wp-json\/wp\/v2\/pages\/6205\/revisions"}],"predecessor-version":[{"id":6274,"href":"https:\/\/paradiseislandestate.com\/fr\/wp-json\/wp\/v2\/pages\/6205\/revisions\/6274"}],"wp:attachment":[{"href":"https:\/\/paradiseislandestate.com\/fr\/wp-json\/wp\/v2\/media?parent=6205"}],"curies":[{"name":"wp","href":"https:\/\/api.w.org\/{rel}","templated":true}]}}