{"id":6466,"date":"2024-03-31T16:35:24","date_gmt":"2024-03-31T16:35:24","guid":{"rendered":"https:\/\/paradiseislandestate.com\/politique-de-confidentialite\/"},"modified":"2025-02-11T12:39:40","modified_gmt":"2025-02-11T12:39:40","slug":"politique-de-confidentialite","status":"publish","type":"page","link":"https:\/\/paradiseislandestate.com\/fr\/politique-de-confidentialite\/","title":{"rendered":"Politique de confidentialit\u00e9"},"content":{"rendered":"\t\t<div data-elementor-type=\"wp-page\" data-elementor-id=\"6466\" class=\"elementor elementor-6466 elementor-3\">\n\t\t\t\t<div class=\"elementor-element elementor-element-14a0ea39 e-flex e-con-boxed e-con e-parent\" data-id=\"14a0ea39\" data-element_type=\"container\" data-e-type=\"container\">\n\t\t\t\t\t<div class=\"e-con-inner\">\n\t\t\t\t<div class=\"elementor-element elementor-element-7338a583 elementor-widget elementor-widget-text-editor\" data-id=\"7338a583\" data-element_type=\"widget\" data-e-type=\"widget\" data-widget_type=\"text-editor.default\">\n\t\t\t\t<div class=\"elementor-widget-container\">\n\t\t\t\t\t\t\t\t\t<p><\/p>\n<h2 class=\"wp-block-heading\">QUI SOMMES-NOUS ?<\/h2>\n<p><\/p>\n<p><\/p>\n<p>L&rsquo;adresse de notre site web est la suivante : https:\/\/paradiseislandestate.com.<\/p>\n<p><\/p>\n<p><\/p>\n<h2 class=\"wp-block-heading\">QUELLES SONT LES DONN\u00c9ES PERSONNELLES QUE NOUS COLLECTONS ET POURQUOI NOUS LES COLLECTONS<\/h2>\n<p><\/p>\n<p><\/p>\n<ol><p><\/p>\n<li>Nom des invit\u00e9s<\/li>\n<p><\/p>\n<p><\/p>\n<li>Adresse<\/li>\n<p><\/p>\n<p><\/p>\n<li>Assurance<\/li>\n<p><\/p>\n<p><\/p>\n<li>D\u00e9tails du vol<\/li>\n<p><\/p>\n<p><\/p>\n<li>D\u00e9tails de la carte de cr\u00e9dit.<\/li>\n<p><\/p>\n<p><\/p>\n<li>les informations utilis\u00e9es pour compl\u00e9ter la r\u00e9servation.<\/li>\n<p><\/p>\n<p><\/p>\n<li>Via OTAS<\/li>\n<p><\/p><\/ol>\n<p><\/p>\n<p><\/p>\n<h3 class=\"wp-block-heading\">Formulaires de contact<\/h3>\n<p><\/p>\n<p><\/p>\n<p>Le syst\u00e8me conservera les donn\u00e9es de vos formulaires remplis aussi longtemps que votre compte sera actif et \u00e0 jour.<\/p>\n<p><\/p>\n<p><\/p>\n<h3 class=\"wp-block-heading\">Cookies<\/h3>\n<p><\/p>\n<p><\/p>\n<p>La pr\u00e9sente politique en mati\u00e8re de cookies fournit de plus amples informations sur les diff\u00e9rents types de cookies que nous utilisons et sur la mani\u00e8re dont vous pouvez contr\u00f4ler l&rsquo;utilisation de ces cookies sur votre ordinateur ou votre appareil mobile.<\/p>\n<p><\/p>\n<p><\/p>\n<p>Paradise Island Estate Koh Samui recueille diverses donn\u00e9es d&rsquo;identification informatique vous concernant lors de votre utilisation de notre site Internet&nbsp; en pla\u00e7ant divers cookies sur votre ordinateur ou votre appareil mobile.<\/p>\n<p><\/p>\n<p><\/p>\n<p>Nous utilisons ces donn\u00e9es pour comprendre comment les visiteurs de nos clients utilisent notre site web. Nous contr\u00f4lons et analysons ces donn\u00e9es afin de nous aider \u00e0 am\u00e9liorer la fonctionnalit\u00e9 et la performance de notre site web et de vous fournir des services et des informations pertinents. <\/p>\n<p><\/p>\n<p><\/p>\n<p>Ce cookie ne contient aucune donn\u00e9e personnelle et indique simplement l&rsquo;identifiant de l&rsquo;article que vous venez de modifier. Il expire apr\u00e8s 1 jour. <\/p>\n<p><\/p>\n<p><\/p>\n<h3 class=\"wp-block-heading\">Contenu int\u00e9gr\u00e9 d&rsquo;autres sites web<\/h3>\n<p><\/p>\n<p><\/p>\n<p>Les articles de ce site peuvent contenir du contenu int\u00e9gr\u00e9 (par exemple des vid\u00e9os, des images, des articles, etc.). Le contenu int\u00e9gr\u00e9 provenant d&rsquo;autres sites web se comporte exactement de la m\u00eame mani\u00e8re que si le visiteur avait visit\u00e9 l&rsquo;autre site web. <\/p>\n<p><\/p>\n<p><\/p>\n<p>Ces sites web peuvent collecter des donn\u00e9es vous concernant, utiliser des cookies, int\u00e9grer un suivi suppl\u00e9mentaire par des tiers et surveiller votre interaction avec ce contenu int\u00e9gr\u00e9, y compris votre interaction avec le contenu int\u00e9gr\u00e9 si vous avez un compte et que vous \u00eates connect\u00e9 \u00e0 ce site web.<\/p>\n<p><\/p>\n<p><\/p>\n<h3 class=\"wp-block-heading\">Analyse<\/h3>\n<p><\/p>\n<p><\/p>\n<h2 class=\"wp-block-heading\">AVEC QUI NOUS PARTAGEONS VOS DONN\u00c9ES<\/h2>\n<p><\/p>\n<p><\/p>\n<h2 class=\"wp-block-heading\">LA DUR\u00c9E DE CONSERVATION DE VOS DONN\u00c9ES<\/h2>\n<p><\/p>\n<p><\/p>\n<p>Si vous remplissez un formulaire, les donn\u00e9es sont conserv\u00e9es pendant la dur\u00e9e de validit\u00e9 de votre demande. Cela nous permet de r\u00e9pondre aux demandes et d&rsquo;en assurer le suivi. <\/p>\n<p><\/p>\n<p><\/p>\n<p>Les donn\u00e9es des invit\u00e9s seront supprim\u00e9es apr\u00e8s 1 an.<\/p>\n<p><\/p>\n<p><\/p>\n<h2 class=\"wp-block-heading\">LES DROITS QUE VOUS AVEZ SUR VOS DONN\u00c9ES<\/h2>\n<p><\/p>\n<p><\/p>\n<p>Si vous avez rempli un formulaire sur ce site web, vous pouvez demander \u00e0 recevoir un fichier export\u00e9 des donn\u00e9es personnelles que nous d\u00e9tenons \u00e0 votre sujet, y compris toutes les donn\u00e9es que vous nous avez fournies. Vous pouvez \u00e9galement nous demander d&rsquo;effacer toutes les donn\u00e9es personnelles que nous d\u00e9tenons \u00e0 votre sujet. Cela n&rsquo;inclut pas les donn\u00e9es que nous sommes oblig\u00e9s de conserver \u00e0 des fins administratives, juridiques ou de s\u00e9curit\u00e9.  <\/p>\n<p><\/p>\n<p><\/p>\n<h2 class=\"wp-block-heading\">O\u00d9 NOUS ENVOYONS VOS DONN\u00c9ES<\/h2>\n<p><\/p>\n<p><\/p>\n<p>Les donn\u00e9es des invit\u00e9s peuvent \u00eatre v\u00e9rifi\u00e9es par un service automatis\u00e9 de d\u00e9tection des spams.<\/p>\n<p><\/p>\n<p><\/p>\n<h2 class=\"wp-block-heading\">CONSERVATION DES DONN\u00c9ES<\/h2>\n<p><\/p>\n<p><\/p>\n<p>Si des donn\u00e9es sont supprim\u00e9es, le syst\u00e8me les supprimera imm\u00e9diatement et d\u00e9finitivement des serveurs de base de donn\u00e9es primaires. Les m\u00eames donn\u00e9es seront pr\u00e9sentes dans nos syst\u00e8mes de sauvegarde pendant 30 jours, apr\u00e8s quoi elles seront supprim\u00e9es de tous nos syst\u00e8mes. <\/p>\n<p><\/p>\n<p><\/p>\n<p>Nous ne r\u00e9pondrons pas aux demandes de restauration de donn\u00e9es \u00e0 partir de nos syst\u00e8mes de sauvegarde, \u00e0 moins qu&rsquo;il ne s&rsquo;agisse d&rsquo;une d\u00e9faillance du syst\u00e8me ou du mat\u00e9riel de notre part. Pas d&rsquo;exception.<br>Annulation du service <\/p>\n<p><\/p>\n<p><\/p>\n<h3 class=\"wp-block-heading\">Google Analytics<\/h3>\n<p><\/p>\n<p><\/p>\n<ol><p><\/p>\n<li>Sur la base de nos int\u00e9r\u00eats l\u00e9gitimes (c&rsquo;est-\u00e0-dire l&rsquo;int\u00e9r\u00eat pour l&rsquo;analyse, l&rsquo;optimisation et le fonctionnement \u00e9conomique de notre offre en ligne au sens de l&rsquo;art. 6 (1) lit. DSGVO), nous utilisons Google Analytics, un service d&rsquo;analyse du Web fourni par Google LLC (\u00ab\u00a0Google\u00a0\u00bb). Google utilise des cookies. Les informations g\u00e9n\u00e9r\u00e9es par les cookies concernant l&rsquo;utilisation de l&rsquo;offre en ligne par les utilisateurs sont g\u00e9n\u00e9ralement transmises \u00e0 un serveur de Google aux \u00c9tats-Unis et y sont stock\u00e9es.   <\/li>\n<p><\/p>\n<p><\/p>\n<li>Google est certifi\u00e9 dans le cadre de l&rsquo;accord Privacy Shield, qui garantit le respect de la l\u00e9gislation europ\u00e9enne en mati\u00e8re de protection de la vie priv\u00e9e<a href=\"https:\/\/www.privacyshield.gov\/participant?id=a2zt000000001L5AAI&amp;status=Active\">(https:\/\/www.privacyshield.gov\/participant?id=a2zt000000001L5AAI&amp;status=Active)<\/a>.<\/li>\n<p><\/p>\n<p><\/p>\n<li>Google utilisera ces informations en notre nom pour \u00e9valuer l&rsquo;utilisation de notre offre en ligne par les utilisateurs, pour compiler des rapports sur les activit\u00e9s dans le cadre de cette offre en ligne et pour nous fournir d&rsquo;autres services li\u00e9s \u00e0 l&rsquo;utilisation de cette offre en ligne et \u00e0 l&rsquo;utilisation d&rsquo;Internet. Dans ce cas, des profils d&rsquo;utilisation pseudonymes des utilisateurs peuvent \u00eatre cr\u00e9\u00e9s \u00e0 partir des donn\u00e9es trait\u00e9es. <\/li>\n<p><\/p>\n<p><\/p>\n<li>Nous n&rsquo;utilisons Google Analytics que si l&rsquo;anonymisation de l&rsquo;adresse IP est activ\u00e9e. Cela signifie que l&rsquo;adresse IP des utilisateurs sera raccourcie par Google au sein des \u00c9tats membres de l&rsquo;Union europ\u00e9enne ou dans d&rsquo;autres \u00c9tats contractants de l&rsquo;accord sur l&rsquo;Espace \u00e9conomique europ\u00e9en. Ce n&rsquo;est que dans des cas exceptionnels que l&rsquo;adresse IP compl\u00e8te sera envoy\u00e9e \u00e0 un serveur de Google aux \u00c9tats-Unis et y sera raccourcie.  <\/li>\n<p><\/p>\n<p><\/p>\n<li>L&rsquo;adresse IP communiqu\u00e9e par le navigateur de l&rsquo;utilisateur ne sera pas fusionn\u00e9e avec d&rsquo;autres donn\u00e9es fournies par Google. L&rsquo;utilisateur peut emp\u00eacher l&rsquo;enregistrement des cookies en param\u00e9trant son logiciel de navigation en cons\u00e9quence ; l&rsquo;utilisateur peut \u00e9galement emp\u00eacher la collecte par Google des donn\u00e9es g\u00e9n\u00e9r\u00e9es par les cookies et li\u00e9es \u00e0 l&rsquo;utilisation de l&rsquo;offre en ligne, ainsi que le traitement de ces donn\u00e9es par Google, en t\u00e9l\u00e9chargeant et en installant le plug-in de navigateur disponible sous le lien suivant : &nbsp;<a href=\"https:\/\/tools.google.com\/dlpage\/gaoptout?hl=en\">https:\/\/tools.google.com\/dlpage\/gaoptout?hl=en.<\/a><\/li>\n<p><\/p>\n<p><\/p>\n<li>Pour plus d&rsquo;informations sur l&rsquo;utilisation des donn\u00e9es par Google, les param\u00e8tres et les options de d\u00e9sactivation, veuillez consulter les sites Web de Google :&nbsp;<a href=\"https:\/\/www.google.com\/intl\/en\/policies\/privacy\/partners\">https:\/\/www.google.com\/intl\/en\/policies\/privacy\/partners<\/a>&nbsp;(\u00ab\u00a0Utilisation de vos donn\u00e9es par Google lorsque vous utilisez des sites Web ou des applications de nos partenaires\u00a0\u00bb),&nbsp;<a href=\"https:\/\/policies.google.com\/technologies\/ads\">https:\/\/policies.google.com\/technologies\/ads<\/a>&nbsp;(\u00ab\u00a0Utilisation des donn\u00e9es \u00e0 des fins publicitaires\u00a0\u00bb),&nbsp;<a href=\"https:\/\/adssettings.google.com\/authenticated\">https:\/\/adssettings.google.com\/authenticated<\/a>&nbsp;(\u00ab\u00a0Gestion des informations utilis\u00e9es par Google pour vous pr\u00e9senter des annonces\u00a0\u00bb).<\/li>\n<p><\/p>\n<p><\/p>\n<li>Par ailleurs, les donn\u00e9es personnelles seront rendues anonymes ou supprim\u00e9es apr\u00e8s une p\u00e9riode de 26 mois.<\/li>\n<p><\/p><\/ol>\n<p><\/p>\t\t\t\t\t\t\t\t<\/div>\n\t\t\t\t<\/div>\n\t\t\t\t\t<\/div>\n\t\t\t\t<\/div>\n\t\t\t\t<\/div>\n\t\t","protected":false},"excerpt":{"rendered":"<p>QUI SOMMES-NOUS ? L&rsquo;adresse de notre site web est la suivante : https:\/\/paradiseislandestate.com. QUELLES SONT LES DONN\u00c9ES PERSONNELLES QUE NOUS COLLECTONS ET POURQUOI NOUS LES COLLECTONS Nom des invit\u00e9s Adresse Assurance D\u00e9tails du vol D\u00e9tails de la carte de cr\u00e9dit. les informations utilis\u00e9es pour compl\u00e9ter la r\u00e9servation. Via OTAS Formulaires de contact Le syst\u00e8me conservera &#8230;<\/p>\n","protected":false},"author":1,"featured_media":0,"parent":0,"menu_order":0,"comment_status":"closed","ping_status":"closed","template":"template-fullwidth.php","meta":{"cozystay_single_page_hide_site_header":"","cozystay_single_page_site_header_source":"","cozystay_single_page_custom_site_header":"0","cozystay_single_page_custom_sticky_site_header":"0","cozystay_single_page_hide_page_title":"","cozystay_single_page_header_section_size":"","cozystay_single_page_header_background_color":"","cozystay_single_page_header_background_position_x":"center","cozystay_single_page_header_background_position_y":"center","cozystay_single_page_header_background_size":"cover","cozystay_single_page_header_background_repeat":"off","cozystay_single_page_header_background_scroll":"on","cozystay_single_page_header_text_color":"","cozystay_single_page_header_show_breadcrumb":"","cozystay_single_page_site_footer_hide_main":"","cozystay_single_custom_site_footer_main_source":"","cozystay_single_custom_site_footer_main":"0","cozystay_single_page_site_footer_hide_above":"","cozystay_single_custom_site_footer_above_source":"","cozystay_single_custom_site_footer_above":"0","cozystay_single_page_site_footer_hide_instagram":"","cozystay_single_page_site_footer_hide_bottom":"","cozystay_single_custom_mobile_menu_source":"","cozystay_single_custom_mobile_menu":"0","cozystay_single_custom_mobile_menu_animation":"","cozystay_single_custom_mobile_menu_width":"","cozystay_single_custom_mobile_menu_custom_width":375,"_joinchat":[],"footnotes":""},"class_list":["post-6466","page","type-page","status-publish","hentry"],"yoast_head":"<!-- This site is optimized with the Yoast SEO plugin v27.2 - https:\/\/yoast.com\/product\/yoast-seo-wordpress\/ -->\n<title>Politique de confidentialit\u00e9 - Paradise Island Estate<\/title>\n<meta name=\"robots\" content=\"index, follow, max-snippet:-1, max-image-preview:large, max-video-preview:-1\" \/>\n<link rel=\"canonical\" href=\"https:\/\/paradiseislandestate.com\/fr\/politique-de-confidentialite\/\" \/>\n<meta property=\"og:locale\" content=\"fr_FR\" \/>\n<meta property=\"og:type\" content=\"article\" \/>\n<meta property=\"og:title\" content=\"Politique de confidentialit\u00e9 - Paradise Island Estate\" \/>\n<meta property=\"og:description\" content=\"QUI SOMMES-NOUS ? L&rsquo;adresse de notre site web est la suivante : https:\/\/paradiseislandestate.com. QUELLES SONT LES DONN\u00c9ES PERSONNELLES QUE NOUS COLLECTONS ET POURQUOI NOUS LES COLLECTONS Nom des invit\u00e9s Adresse Assurance D\u00e9tails du vol D\u00e9tails de la carte de cr\u00e9dit. les informations utilis\u00e9es pour compl\u00e9ter la r\u00e9servation. Via OTAS Formulaires de contact Le syst\u00e8me conservera ...\" \/>\n<meta property=\"og:url\" content=\"https:\/\/paradiseislandestate.com\/fr\/politique-de-confidentialite\/\" \/>\n<meta property=\"og:site_name\" content=\"Paradise Island Estate\" \/>\n<meta property=\"article:publisher\" content=\"https:\/\/www.facebook.com\/ParadiseIslandEstateOfficial\" \/>\n<meta property=\"article:modified_time\" content=\"2025-02-11T12:39:40+00:00\" \/>\n<meta name=\"twitter:card\" content=\"summary_large_image\" \/>\n<meta name=\"twitter:site\" content=\"@KohSamuiLuxury\" \/>\n<meta name=\"twitter:label1\" content=\"Dur\u00e9e de lecture estim\u00e9e\" \/>\n\t<meta name=\"twitter:data1\" content=\"5 minutes\" \/>\n<script type=\"application\/ld+json\" class=\"yoast-schema-graph\">{\"@context\":\"https:\/\/schema.org\",\"@graph\":[{\"@type\":\"WebPage\",\"@id\":\"https:\/\/paradiseislandestate.com\/fr\/politique-de-confidentialite\/\",\"url\":\"https:\/\/paradiseislandestate.com\/fr\/politique-de-confidentialite\/\",\"name\":\"Politique de confidentialit\u00e9 - Paradise Island Estate\",\"isPartOf\":{\"@id\":\"https:\/\/paradiseislandestate.com\/#website\"},\"datePublished\":\"2024-03-31T16:35:24+00:00\",\"dateModified\":\"2025-02-11T12:39:40+00:00\",\"breadcrumb\":{\"@id\":\"https:\/\/paradiseislandestate.com\/fr\/politique-de-confidentialite\/#breadcrumb\"},\"inLanguage\":\"fr-FR\",\"potentialAction\":[{\"@type\":\"ReadAction\",\"target\":[\"https:\/\/paradiseislandestate.com\/fr\/politique-de-confidentialite\/\"]}]},{\"@type\":\"BreadcrumbList\",\"@id\":\"https:\/\/paradiseislandestate.com\/fr\/politique-de-confidentialite\/#breadcrumb\",\"itemListElement\":[{\"@type\":\"ListItem\",\"position\":1,\"name\":\"Home\",\"item\":\"https:\/\/paradiseislandestate.com\/fr\/\"},{\"@type\":\"ListItem\",\"position\":2,\"name\":\"Politique de confidentialit\u00e9\"}]},{\"@type\":\"WebSite\",\"@id\":\"https:\/\/paradiseislandestate.com\/#website\",\"url\":\"https:\/\/paradiseislandestate.com\/\",\"name\":\"Paradise Island Estate\",\"description\":\"\",\"publisher\":{\"@id\":\"https:\/\/paradiseislandestate.com\/#organization\"},\"potentialAction\":[{\"@type\":\"SearchAction\",\"target\":{\"@type\":\"EntryPoint\",\"urlTemplate\":\"https:\/\/paradiseislandestate.com\/?s={search_term_string}\"},\"query-input\":{\"@type\":\"PropertyValueSpecification\",\"valueRequired\":true,\"valueName\":\"search_term_string\"}}],\"inLanguage\":\"fr-FR\"},{\"@type\":\"Organization\",\"@id\":\"https:\/\/paradiseislandestate.com\/#organization\",\"name\":\"Paradise Island Estate\",\"url\":\"https:\/\/paradiseislandestate.com\/\",\"logo\":{\"@type\":\"ImageObject\",\"inLanguage\":\"fr-FR\",\"@id\":\"https:\/\/paradiseislandestate.com\/#\/schema\/logo\/image\/\",\"url\":\"https:\/\/paradiseislandestate.com\/wp-content\/uploads\/2024\/07\/1.png\",\"contentUrl\":\"https:\/\/paradiseislandestate.com\/wp-content\/uploads\/2024\/07\/1.png\",\"width\":500,\"height\":500,\"caption\":\"Paradise Island Estate\"},\"image\":{\"@id\":\"https:\/\/paradiseislandestate.com\/#\/schema\/logo\/image\/\"},\"sameAs\":[\"https:\/\/www.facebook.com\/ParadiseIslandEstateOfficial\",\"https:\/\/x.com\/KohSamuiLuxury\",\"https:\/\/www.youtube.com\/user\/KohSamuiLuxury\",\"https:\/\/www.pinterest.es\/choengmonbeach\/\"]}]}<\/script>\n<!-- \/ Yoast SEO plugin. -->","yoast_head_json":{"title":"Politique de confidentialit\u00e9 - Paradise Island Estate","robots":{"index":"index","follow":"follow","max-snippet":"max-snippet:-1","max-image-preview":"max-image-preview:large","max-video-preview":"max-video-preview:-1"},"canonical":"https:\/\/paradiseislandestate.com\/fr\/politique-de-confidentialite\/","og_locale":"fr_FR","og_type":"article","og_title":"Politique de confidentialit\u00e9 - Paradise Island Estate","og_description":"QUI SOMMES-NOUS ? L&rsquo;adresse de notre site web est la suivante : https:\/\/paradiseislandestate.com. QUELLES SONT LES DONN\u00c9ES PERSONNELLES QUE NOUS COLLECTONS ET POURQUOI NOUS LES COLLECTONS Nom des invit\u00e9s Adresse Assurance D\u00e9tails du vol D\u00e9tails de la carte de cr\u00e9dit. les informations utilis\u00e9es pour compl\u00e9ter la r\u00e9servation. Via OTAS Formulaires de contact Le syst\u00e8me conservera ...","og_url":"https:\/\/paradiseislandestate.com\/fr\/politique-de-confidentialite\/","og_site_name":"Paradise Island Estate","article_publisher":"https:\/\/www.facebook.com\/ParadiseIslandEstateOfficial","article_modified_time":"2025-02-11T12:39:40+00:00","twitter_card":"summary_large_image","twitter_site":"@KohSamuiLuxury","twitter_misc":{"Dur\u00e9e de lecture estim\u00e9e":"5 minutes"},"schema":{"@context":"https:\/\/schema.org","@graph":[{"@type":"WebPage","@id":"https:\/\/paradiseislandestate.com\/fr\/politique-de-confidentialite\/","url":"https:\/\/paradiseislandestate.com\/fr\/politique-de-confidentialite\/","name":"Politique de confidentialit\u00e9 - Paradise Island Estate","isPartOf":{"@id":"https:\/\/paradiseislandestate.com\/#website"},"datePublished":"2024-03-31T16:35:24+00:00","dateModified":"2025-02-11T12:39:40+00:00","breadcrumb":{"@id":"https:\/\/paradiseislandestate.com\/fr\/politique-de-confidentialite\/#breadcrumb"},"inLanguage":"fr-FR","potentialAction":[{"@type":"ReadAction","target":["https:\/\/paradiseislandestate.com\/fr\/politique-de-confidentialite\/"]}]},{"@type":"BreadcrumbList","@id":"https:\/\/paradiseislandestate.com\/fr\/politique-de-confidentialite\/#breadcrumb","itemListElement":[{"@type":"ListItem","position":1,"name":"Home","item":"https:\/\/paradiseislandestate.com\/fr\/"},{"@type":"ListItem","position":2,"name":"Politique de confidentialit\u00e9"}]},{"@type":"WebSite","@id":"https:\/\/paradiseislandestate.com\/#website","url":"https:\/\/paradiseislandestate.com\/","name":"Paradise Island Estate","description":"","publisher":{"@id":"https:\/\/paradiseislandestate.com\/#organization"},"potentialAction":[{"@type":"SearchAction","target":{"@type":"EntryPoint","urlTemplate":"https:\/\/paradiseislandestate.com\/?s={search_term_string}"},"query-input":{"@type":"PropertyValueSpecification","valueRequired":true,"valueName":"search_term_string"}}],"inLanguage":"fr-FR"},{"@type":"Organization","@id":"https:\/\/paradiseislandestate.com\/#organization","name":"Paradise Island Estate","url":"https:\/\/paradiseislandestate.com\/","logo":{"@type":"ImageObject","inLanguage":"fr-FR","@id":"https:\/\/paradiseislandestate.com\/#\/schema\/logo\/image\/","url":"https:\/\/paradiseislandestate.com\/wp-content\/uploads\/2024\/07\/1.png","contentUrl":"https:\/\/paradiseislandestate.com\/wp-content\/uploads\/2024\/07\/1.png","width":500,"height":500,"caption":"Paradise Island Estate"},"image":{"@id":"https:\/\/paradiseislandestate.com\/#\/schema\/logo\/image\/"},"sameAs":["https:\/\/www.facebook.com\/ParadiseIslandEstateOfficial","https:\/\/x.com\/KohSamuiLuxury","https:\/\/www.youtube.com\/user\/KohSamuiLuxury","https:\/\/www.pinterest.es\/choengmonbeach\/"]}]}},"_links":{"self":[{"href":"https:\/\/paradiseislandestate.com\/fr\/wp-json\/wp\/v2\/pages\/6466","targetHints":{"allow":["GET"]}}],"collection":[{"href":"https:\/\/paradiseislandestate.com\/fr\/wp-json\/wp\/v2\/pages"}],"about":[{"href":"https:\/\/paradiseislandestate.com\/fr\/wp-json\/wp\/v2\/types\/page"}],"author":[{"embeddable":true,"href":"https:\/\/paradiseislandestate.com\/fr\/wp-json\/wp\/v2\/users\/1"}],"replies":[{"embeddable":true,"href":"https:\/\/paradiseislandestate.com\/fr\/wp-json\/wp\/v2\/comments?post=6466"}],"version-history":[{"count":3,"href":"https:\/\/paradiseislandestate.com\/fr\/wp-json\/wp\/v2\/pages\/6466\/revisions"}],"predecessor-version":[{"id":6469,"href":"https:\/\/paradiseislandestate.com\/fr\/wp-json\/wp\/v2\/pages\/6466\/revisions\/6469"}],"wp:attachment":[{"href":"https:\/\/paradiseislandestate.com\/fr\/wp-json\/wp\/v2\/media?parent=6466"}],"curies":[{"name":"wp","href":"https:\/\/api.w.org\/{rel}","templated":true}]}}